{"id":69,"date":"2023-08-18T16:31:24","date_gmt":"2023-08-18T14:31:24","guid":{"rendered":"http:\/\/192.168.1.82\/?page_id=69"},"modified":"2025-01-09T09:41:00","modified_gmt":"2025-01-09T08:41:00","slug":"corsi-over-65","status":"publish","type":"page","link":"https:\/\/www.yachtclubquartu.it\/index.php\/corsi-over-65\/","title":{"rendered":"Corsi over 65"},"content":{"rendered":"\n<figure class=\"wp-block-image size-large\"><img loading=\"lazy\" decoding=\"async\" width=\"1024\" height=\"510\" src=\"https:\/\/www.yachtclubquartu.it\/wp-content\/uploads\/2023\/08\/over65-in-azione-1024x510.jpg\" alt=\"\" class=\"wp-image-166\" srcset=\"https:\/\/www.yachtclubquartu.it\/wp-content\/uploads\/2023\/08\/over65-in-azione-1024x510.jpg 1024w, https:\/\/www.yachtclubquartu.it\/wp-content\/uploads\/2023\/08\/over65-in-azione-300x149.jpg 300w, https:\/\/www.yachtclubquartu.it\/wp-content\/uploads\/2023\/08\/over65-in-azione-768x383.jpg 768w, https:\/\/www.yachtclubquartu.it\/wp-content\/uploads\/2023\/08\/over65-in-azione-1536x765.jpg 1536w, https:\/\/www.yachtclubquartu.it\/wp-content\/uploads\/2023\/08\/over65-in-azione.jpg 1600w\" sizes=\"auto, (max-width: 1024px) 100vw, 1024px\" \/><figcaption class=\"wp-element-caption\">Allievi del corso alle prese con la preparazione della barca per l&#8217;uscita in mare<\/figcaption><\/figure>\n\n\n\n<p><\/p>\n\n\n\n<p>Il corso over65 \u00e8 un corso di formazione velica e marinaresca, destinato alle persone con et\u00e0 superiore ai 65 anni. Questo innovativo progetto, che per il 2023 \u00e8 stato finanziato da Sport e Salute attraverso la Federazione Italiana Vela, \u00e8 organizzato dalle associazioni sportive dilettantistiche Yacht Club Quartu Sant&#8217;Elena e Polisportiva Mare Quartu.<\/p>\n\n\n\n<p>Il corso offre ai partecipanti circa 50 ore di formazione teorica e pratica. Gli allievi avranno l&#8217;opportunit\u00e0 di affiancare gli operatori durante le attivit\u00e0 connesse allo sport della vela, compiendo uscite in gommone per l&#8217;assistenza in mare, sperimentando uscite su cabinato e deriva a vela, e acquisendo competenze di sicurezza a terra e in mare.<\/p>\n\n\n\n<p>Con la partecipazione di un minimo di 10 entusiasti allievi, il corso promette di essere un&#8217;esperienza formativa unica nel suo genere. Le sedi delle due associazioni organizzatrici, lo Yacht Club Quartu Sant&#8217;Elena e la Polisportiva Mare Quartu, offriranno le basi ideali per l&#8217;apprendimento e lo sviluppo delle abilit\u00e0 veliche.<\/p>\n\n\n\n<p>Questo corso rappresenta un&#8217;iniziativa eccezionale per promuovere l&#8217;attivit\u00e0 fisica e la passione per la vela tra le persone non pi\u00f9 giovanissime ma ancora pienamente attive, offrendo loro l&#8217;opportunit\u00e0 di imparare e divertirsi in un ambiente stimolante e sicuro.<\/p>\n\n\n\n<p>Per ulteriori informazioni sul corso e sulle attivit\u00e0, si prega di contattare:<\/p>\n\n\n\n<p>Yacht Club Quartu Sant&#8217;Elena<br>Ernesto Batteta <a href=\"mailto:ernesto.batteta@gmail.com\">ernesto.batteta@gmail.com<\/a><\/p>\n\n\n\n<p><\/p>\n","protected":false},"excerpt":{"rendered":"<p>Il corso over65 \u00e8 un corso di formazione velica e marinaresca, destinato alle persone con et\u00e0 superiore ai 65 anni. Questo innovativo progetto, che per il 2023 \u00e8 stato finanziato da Sport e Salute&#46;&#46;&#46;<\/p>\n","protected":false},"author":1,"featured_media":0,"parent":0,"menu_order":0,"comment_status":"closed","ping_status":"closed","template":"","meta":{"footnotes":""},"class_list":["post-69","page","type-page","status-publish","hentry"],"yoast_head":"<!-- This site is optimized with the Yoast SEO plugin v27.5 - https:\/\/yoast.com\/product\/yoast-seo-wordpress\/ -->\n<title>Corsi over 65 - Yacht Club Quartu S. Elena<\/title>\n<meta name=\"robots\" content=\"index, follow, max-snippet:-1, max-image-preview:large, max-video-preview:-1\" \/>\n<link rel=\"canonical\" href=\"https:\/\/www.yachtclubquartu.it\/index.php\/corsi-over-65\/\" \/>\n<meta property=\"og:locale\" content=\"it_IT\" \/>\n<meta property=\"og:type\" content=\"article\" \/>\n<meta property=\"og:title\" content=\"Corsi over 65 - Yacht Club Quartu S. Elena\" \/>\n<meta property=\"og:description\" content=\"Il corso over65 \u00e8 un corso di formazione velica e marinaresca, destinato alle persone con et\u00e0 superiore ai 65 anni. Questo innovativo progetto, che per il 2023 \u00e8 stato finanziato da Sport e Salute&#046;&#046;&#046;\" \/>\n<meta property=\"og:url\" content=\"https:\/\/www.yachtclubquartu.it\/index.php\/corsi-over-65\/\" \/>\n<meta property=\"og:site_name\" content=\"Yacht Club Quartu S. Elena\" \/>\n<meta property=\"article:publisher\" content=\"https:\/\/www.facebook.com\/YachtClubQuartu\" \/>\n<meta property=\"article:modified_time\" content=\"2025-01-09T08:41:00+00:00\" \/>\n<meta property=\"og:image\" content=\"https:\/\/www.yachtclubquartu.it\/wp-content\/uploads\/2023\/08\/over65-in-azione.jpg\" \/>\n\t<meta property=\"og:image:width\" content=\"1600\" \/>\n\t<meta property=\"og:image:height\" content=\"797\" \/>\n\t<meta property=\"og:image:type\" content=\"image\/jpeg\" \/>\n<meta name=\"twitter:card\" content=\"summary_large_image\" \/>\n<meta name=\"twitter:label1\" content=\"Tempo di lettura stimato\" \/>\n\t<meta name=\"twitter:data1\" content=\"1 minuto\" \/>\n<script type=\"application\/ld+json\" class=\"yoast-schema-graph\">{\"@context\":\"https:\\\/\\\/schema.org\",\"@graph\":[{\"@type\":\"WebPage\",\"@id\":\"https:\\\/\\\/www.yachtclubquartu.it\\\/index.php\\\/corsi-over-65\\\/\",\"url\":\"https:\\\/\\\/www.yachtclubquartu.it\\\/index.php\\\/corsi-over-65\\\/\",\"name\":\"Corsi over 65 - Yacht Club Quartu S. Elena\",\"isPartOf\":{\"@id\":\"https:\\\/\\\/www.yachtclubquartu.it\\\/#website\"},\"primaryImageOfPage\":{\"@id\":\"https:\\\/\\\/www.yachtclubquartu.it\\\/index.php\\\/corsi-over-65\\\/#primaryimage\"},\"image\":{\"@id\":\"https:\\\/\\\/www.yachtclubquartu.it\\\/index.php\\\/corsi-over-65\\\/#primaryimage\"},\"thumbnailUrl\":\"https:\\\/\\\/www.yachtclubquartu.it\\\/wp-content\\\/uploads\\\/2023\\\/08\\\/over65-in-azione-1024x510.jpg\",\"datePublished\":\"2023-08-18T14:31:24+00:00\",\"dateModified\":\"2025-01-09T08:41:00+00:00\",\"breadcrumb\":{\"@id\":\"https:\\\/\\\/www.yachtclubquartu.it\\\/index.php\\\/corsi-over-65\\\/#breadcrumb\"},\"inLanguage\":\"it-IT\",\"potentialAction\":[{\"@type\":\"ReadAction\",\"target\":[\"https:\\\/\\\/www.yachtclubquartu.it\\\/index.php\\\/corsi-over-65\\\/\"]}]},{\"@type\":\"ImageObject\",\"inLanguage\":\"it-IT\",\"@id\":\"https:\\\/\\\/www.yachtclubquartu.it\\\/index.php\\\/corsi-over-65\\\/#primaryimage\",\"url\":\"https:\\\/\\\/www.yachtclubquartu.it\\\/wp-content\\\/uploads\\\/2023\\\/08\\\/over65-in-azione.jpg\",\"contentUrl\":\"https:\\\/\\\/www.yachtclubquartu.it\\\/wp-content\\\/uploads\\\/2023\\\/08\\\/over65-in-azione.jpg\",\"width\":1600,\"height\":797},{\"@type\":\"BreadcrumbList\",\"@id\":\"https:\\\/\\\/www.yachtclubquartu.it\\\/index.php\\\/corsi-over-65\\\/#breadcrumb\",\"itemListElement\":[{\"@type\":\"ListItem\",\"position\":1,\"name\":\"Home\",\"item\":\"https:\\\/\\\/www.yachtclubquartu.it\\\/\"},{\"@type\":\"ListItem\",\"position\":2,\"name\":\"Corsi over 65\"}]},{\"@type\":\"WebSite\",\"@id\":\"https:\\\/\\\/www.yachtclubquartu.it\\\/#website\",\"url\":\"https:\\\/\\\/www.yachtclubquartu.it\\\/\",\"name\":\"Yacht Club Quartu S. Elena\",\"description\":\"Associazione sportiva dilettantistica - Affiliata Federazione Italiana Vela\",\"publisher\":{\"@id\":\"https:\\\/\\\/www.yachtclubquartu.it\\\/#organization\"},\"potentialAction\":[{\"@type\":\"SearchAction\",\"target\":{\"@type\":\"EntryPoint\",\"urlTemplate\":\"https:\\\/\\\/www.yachtclubquartu.it\\\/?s={search_term_string}\"},\"query-input\":{\"@type\":\"PropertyValueSpecification\",\"valueRequired\":true,\"valueName\":\"search_term_string\"}}],\"inLanguage\":\"it-IT\"},{\"@type\":\"Organization\",\"@id\":\"https:\\\/\\\/www.yachtclubquartu.it\\\/#organization\",\"name\":\"Yacht Club Quartu S. Elena\",\"url\":\"https:\\\/\\\/www.yachtclubquartu.it\\\/\",\"logo\":{\"@type\":\"ImageObject\",\"inLanguage\":\"it-IT\",\"@id\":\"https:\\\/\\\/www.yachtclubquartu.it\\\/#\\\/schema\\\/logo\\\/image\\\/\",\"url\":\"https:\\\/\\\/www.yachtclubquartu.it\\\/wp-content\\\/uploads\\\/2023\\\/08\\\/image001.png\",\"contentUrl\":\"https:\\\/\\\/www.yachtclubquartu.it\\\/wp-content\\\/uploads\\\/2023\\\/08\\\/image001.png\",\"width\":316,\"height\":57,\"caption\":\"Yacht Club Quartu S. Elena\"},\"image\":{\"@id\":\"https:\\\/\\\/www.yachtclubquartu.it\\\/#\\\/schema\\\/logo\\\/image\\\/\"},\"sameAs\":[\"https:\\\/\\\/www.facebook.com\\\/YachtClubQuartu\",\"https:\\\/\\\/www.instagram.com\\\/yachtclubquartuse\\\/\"]}]}<\/script>\n<!-- \/ Yoast SEO plugin. -->","yoast_head_json":{"title":"Corsi over 65 - Yacht Club Quartu S. Elena","robots":{"index":"index","follow":"follow","max-snippet":"max-snippet:-1","max-image-preview":"max-image-preview:large","max-video-preview":"max-video-preview:-1"},"canonical":"https:\/\/www.yachtclubquartu.it\/index.php\/corsi-over-65\/","og_locale":"it_IT","og_type":"article","og_title":"Corsi over 65 - Yacht Club Quartu S. Elena","og_description":"Il corso over65 \u00e8 un corso di formazione velica e marinaresca, destinato alle persone con et\u00e0 superiore ai 65 anni. Questo innovativo progetto, che per il 2023 \u00e8 stato finanziato da Sport e Salute&#46;&#46;&#46;","og_url":"https:\/\/www.yachtclubquartu.it\/index.php\/corsi-over-65\/","og_site_name":"Yacht Club Quartu S. Elena","article_publisher":"https:\/\/www.facebook.com\/YachtClubQuartu","article_modified_time":"2025-01-09T08:41:00+00:00","og_image":[{"width":1600,"height":797,"url":"https:\/\/www.yachtclubquartu.it\/wp-content\/uploads\/2023\/08\/over65-in-azione.jpg","type":"image\/jpeg"}],"twitter_card":"summary_large_image","twitter_misc":{"Tempo di lettura stimato":"1 minuto"},"schema":{"@context":"https:\/\/schema.org","@graph":[{"@type":"WebPage","@id":"https:\/\/www.yachtclubquartu.it\/index.php\/corsi-over-65\/","url":"https:\/\/www.yachtclubquartu.it\/index.php\/corsi-over-65\/","name":"Corsi over 65 - Yacht Club Quartu S. Elena","isPartOf":{"@id":"https:\/\/www.yachtclubquartu.it\/#website"},"primaryImageOfPage":{"@id":"https:\/\/www.yachtclubquartu.it\/index.php\/corsi-over-65\/#primaryimage"},"image":{"@id":"https:\/\/www.yachtclubquartu.it\/index.php\/corsi-over-65\/#primaryimage"},"thumbnailUrl":"https:\/\/www.yachtclubquartu.it\/wp-content\/uploads\/2023\/08\/over65-in-azione-1024x510.jpg","datePublished":"2023-08-18T14:31:24+00:00","dateModified":"2025-01-09T08:41:00+00:00","breadcrumb":{"@id":"https:\/\/www.yachtclubquartu.it\/index.php\/corsi-over-65\/#breadcrumb"},"inLanguage":"it-IT","potentialAction":[{"@type":"ReadAction","target":["https:\/\/www.yachtclubquartu.it\/index.php\/corsi-over-65\/"]}]},{"@type":"ImageObject","inLanguage":"it-IT","@id":"https:\/\/www.yachtclubquartu.it\/index.php\/corsi-over-65\/#primaryimage","url":"https:\/\/www.yachtclubquartu.it\/wp-content\/uploads\/2023\/08\/over65-in-azione.jpg","contentUrl":"https:\/\/www.yachtclubquartu.it\/wp-content\/uploads\/2023\/08\/over65-in-azione.jpg","width":1600,"height":797},{"@type":"BreadcrumbList","@id":"https:\/\/www.yachtclubquartu.it\/index.php\/corsi-over-65\/#breadcrumb","itemListElement":[{"@type":"ListItem","position":1,"name":"Home","item":"https:\/\/www.yachtclubquartu.it\/"},{"@type":"ListItem","position":2,"name":"Corsi over 65"}]},{"@type":"WebSite","@id":"https:\/\/www.yachtclubquartu.it\/#website","url":"https:\/\/www.yachtclubquartu.it\/","name":"Yacht Club Quartu S. Elena","description":"Associazione sportiva dilettantistica - Affiliata Federazione Italiana Vela","publisher":{"@id":"https:\/\/www.yachtclubquartu.it\/#organization"},"potentialAction":[{"@type":"SearchAction","target":{"@type":"EntryPoint","urlTemplate":"https:\/\/www.yachtclubquartu.it\/?s={search_term_string}"},"query-input":{"@type":"PropertyValueSpecification","valueRequired":true,"valueName":"search_term_string"}}],"inLanguage":"it-IT"},{"@type":"Organization","@id":"https:\/\/www.yachtclubquartu.it\/#organization","name":"Yacht Club Quartu S. Elena","url":"https:\/\/www.yachtclubquartu.it\/","logo":{"@type":"ImageObject","inLanguage":"it-IT","@id":"https:\/\/www.yachtclubquartu.it\/#\/schema\/logo\/image\/","url":"https:\/\/www.yachtclubquartu.it\/wp-content\/uploads\/2023\/08\/image001.png","contentUrl":"https:\/\/www.yachtclubquartu.it\/wp-content\/uploads\/2023\/08\/image001.png","width":316,"height":57,"caption":"Yacht Club Quartu S. Elena"},"image":{"@id":"https:\/\/www.yachtclubquartu.it\/#\/schema\/logo\/image\/"},"sameAs":["https:\/\/www.facebook.com\/YachtClubQuartu","https:\/\/www.instagram.com\/yachtclubquartuse\/"]}]}},"_links":{"self":[{"href":"https:\/\/www.yachtclubquartu.it\/index.php\/wp-json\/wp\/v2\/pages\/69","targetHints":{"allow":["GET"]}}],"collection":[{"href":"https:\/\/www.yachtclubquartu.it\/index.php\/wp-json\/wp\/v2\/pages"}],"about":[{"href":"https:\/\/www.yachtclubquartu.it\/index.php\/wp-json\/wp\/v2\/types\/page"}],"author":[{"embeddable":true,"href":"https:\/\/www.yachtclubquartu.it\/index.php\/wp-json\/wp\/v2\/users\/1"}],"replies":[{"embeddable":true,"href":"https:\/\/www.yachtclubquartu.it\/index.php\/wp-json\/wp\/v2\/comments?post=69"}],"version-history":[{"count":0,"href":"https:\/\/www.yachtclubquartu.it\/index.php\/wp-json\/wp\/v2\/pages\/69\/revisions"}],"wp:attachment":[{"href":"https:\/\/www.yachtclubquartu.it\/index.php\/wp-json\/wp\/v2\/media?parent=69"}],"curies":[{"name":"wp","href":"https:\/\/api.w.org\/{rel}","templated":true}]}}