{"id":67,"date":"2023-08-18T16:30:24","date_gmt":"2023-08-18T14:30:24","guid":{"rendered":"http:\/\/192.168.1.82\/?page_id=67"},"modified":"2025-03-25T22:30:29","modified_gmt":"2025-03-25T21:30:29","slug":"vela-mini-altura-su-j24","status":"publish","type":"page","link":"https:\/\/www.yachtclubquartu.it\/index.php\/vela-mini-altura-su-j24\/","title":{"rendered":"Vela mini altura su J24"},"content":{"rendered":"\n<h2 class=\"wp-block-heading\">Corso mini-altura<\/h2>\n\n\n\n<p>I corsi adulti Mini-Altura e Altura su J-24 o altro cabinato sono svolti in collaborazione con armatori o altre associazioni sportive con Istruttore FIV.<\/p>\n\n\n\n<p>Corsi mini-altura di 5 lezioni su J-24 o altro, si svolgono per persone dai 17 anni in su e sono articolati nei seguenti moduli:<\/p>\n\n\n\n<ul class=\"wp-block-list\">\n<li>Primo corso dell&#8217;anno a\u00a0<strong>265 euro<\/strong><\/li>\n\n\n\n<li>Secondo corso dell&#8217;anno a\u00a0<strong>220 euro<\/strong><\/li>\n\n\n\n<li>Ogni successiva lezione a\u00a0<strong>60 euro<\/strong><\/li>\n\n\n\n<li>Per i soci ordinari del YCQ qualunque a\u00a0<strong>145 euro<\/strong><\/li>\n<\/ul>\n\n\n\n<p>Le tariffe indicative sono valide fino a nuove comunicazioni dell\u2019armatore\/asd con istruttore FIV<\/p>\n\n\n\n<p>Le quote non comprendono il tesseramento.<\/p>\n\n\n\n<p><br>La segreteria, fornir\u00e0 le informazioni generali e gestir\u00e0 il tesseramento FIV dei corsisti. Fornir\u00e0 i riferimenti dell\u2019armatore\/asd con istruttore FIV perch\u00e9 l\u2019allievo possa concordare date e luoghi del corso.<\/p>\n\n\n\n<p>Le quote del\/i corso\/i saranno versate dal corsista all\u2019armatore\/asd con istruttore FIV e null\u2019altro sar\u00e0 dovuto alla segreteria.<\/p>\n\n\n\n<p><strong>Per informazioni sui corsi contattare la segreteria del circolo: 070898050 &#8211; 3347641686 &#8211;&nbsp;<a href=\"mailto:info@yachtclubquartu.it\">info@yachtclubquartu.it<\/a><\/strong><\/p>\n","protected":false},"excerpt":{"rendered":"<p>Corso mini-altura I corsi adulti Mini-Altura e Altura su J-24 o altro cabinato sono svolti in collaborazione con armatori o altre associazioni sportive con Istruttore FIV. Corsi mini-altura di 5 lezioni su J-24 o&#46;&#46;&#46;<\/p>\n","protected":false},"author":1,"featured_media":0,"parent":0,"menu_order":0,"comment_status":"closed","ping_status":"closed","template":"","meta":{"footnotes":""},"class_list":["post-67","page","type-page","status-publish","hentry"],"_links":{"self":[{"href":"https:\/\/www.yachtclubquartu.it\/index.php\/wp-json\/wp\/v2\/pages\/67","targetHints":{"allow":["GET"]}}],"collection":[{"href":"https:\/\/www.yachtclubquartu.it\/index.php\/wp-json\/wp\/v2\/pages"}],"about":[{"href":"https:\/\/www.yachtclubquartu.it\/index.php\/wp-json\/wp\/v2\/types\/page"}],"author":[{"embeddable":true,"href":"https:\/\/www.yachtclubquartu.it\/index.php\/wp-json\/wp\/v2\/users\/1"}],"replies":[{"embeddable":true,"href":"https:\/\/www.yachtclubquartu.it\/index.php\/wp-json\/wp\/v2\/comments?post=67"}],"version-history":[{"count":0,"href":"https:\/\/www.yachtclubquartu.it\/index.php\/wp-json\/wp\/v2\/pages\/67\/revisions"}],"wp:attachment":[{"href":"https:\/\/www.yachtclubquartu.it\/index.php\/wp-json\/wp\/v2\/media?parent=67"}],"curies":[{"name":"wp","href":"https:\/\/api.w.org\/{rel}","templated":true}]}}