{"id":55,"date":"2023-08-18T16:28:16","date_gmt":"2023-08-18T14:28:16","guid":{"rendered":"http:\/\/192.168.1.82\/?page_id=55"},"modified":"2025-01-05T10:22:49","modified_gmt":"2025-01-05T09:22:49","slug":"modalita-di-pagamento","status":"publish","type":"page","link":"https:\/\/www.yachtclubquartu.it\/index.php\/modalita-di-pagamento\/","title":{"rendered":"Modalit\u00e0 di Pagamento"},"content":{"rendered":"\n<figure class=\"wp-block-image\"><img decoding=\"async\" src=\"https:\/\/www.yachtclubquartu.it\/images\/ycq\/payment2.jpg\" alt=\"\"\/><\/figure>\n\n\n\n<h2 class=\"wp-block-heading\">Modalit\u00e0&nbsp;di pagamento<\/h2>\n\n\n\n<h3 class=\"wp-block-heading\">Modalit\u00e0 di pagamento per il rinnovo della quota associativa, del servizio di rimessaggio e tesseramento FIV:<\/h3>\n\n\n\n<p>ATTENZIONE!!! Dal mese di dicembre 2023 abbiamo un<strong> nuovo conto corrente<\/strong> presso BancoPosta. Il vecchio conto Unicredit \u00e8 stato chiuso ad aprile 2024<\/p>\n\n\n\n<p><strong>Bonifico bancario<\/strong>&nbsp;<br>intestato a&nbsp;<strong>YACHT CLUB QUARTU SANT&#8217;ELENA A.S.D.&nbsp;<\/strong><br>iban<strong>&nbsp;<\/strong>&nbsp;<strong>IT48I0760104800001067887792<\/strong><\/p>\n\n\n\n<p>&nbsp;(c\/c n. 001067887792, BancoPosta, ABI 07601\u2013 CAB 04800 &#8211; BIC\/SWIFT BPPIITRRXXX)<\/p>\n\n\n\n<p>Nel caso bel bonifico bancario indicare nella causale oltre all&#8217;anno di rinnovo e al nome e cognome del beneficiario le seguenti opzioni:<\/p>\n\n\n\n<p>per la quota associativa indicare la tipologia:<\/p>\n\n\n\n<ul class=\"wp-block-list\">\n<li>Tessera socio ordinario<\/li>\n<\/ul>\n\n\n\n<p>&nbsp;per il rimessaggio indicare la tipologia del natante:<\/p>\n\n\n\n<ul class=\"wp-block-list\">\n<li>canoa<\/li>\n\n\n\n<li>deriva, indicare anche il modello<\/li>\n\n\n\n<li>windsurf, indicare anche la posizione del posto: primo, secondo o terzo posto<\/li>\n<\/ul>\n\n\n\n<p>Esempi:<\/p>\n\n\n\n<ul class=\"wp-block-list\">\n<li>Mario Rossi, socio YCQ ordinario 2025<\/li>\n\n\n\n<li>Mario Rossi, rimessaggio 2025 deriva 470<\/li>\n\n\n\n<li>Mario Rossi, rimessaggio 2025 canoa<\/li>\n\n\n\n<li>Mario Rossi,\u00a0tesseramento FIV 2025<\/li>\n<\/ul>\n\n\n\n<p>IMPORTANTE: NON DIMENTICARE DI INDICARE NOME E COGNOME e TIPOLOGIA.<\/p>\n\n\n\n<p>FARE BONIFICI SEPARATI, UNO PER RINNOVO ISCRIZIONE YCQ, UNO PER RIMESSAGGIO<\/p>\n","protected":false},"excerpt":{"rendered":"<p>Modalit\u00e0&nbsp;di pagamento Modalit\u00e0 di pagamento per il rinnovo della quota associativa, del servizio di rimessaggio e tesseramento FIV: ATTENZIONE!!! Dal mese di dicembre 2023 abbiamo un nuovo conto corrente presso BancoPosta. Il vecchio conto&#46;&#46;&#46;<\/p>\n","protected":false},"author":1,"featured_media":0,"parent":0,"menu_order":0,"comment_status":"closed","ping_status":"closed","template":"","meta":{"footnotes":""},"class_list":["post-55","page","type-page","status-publish","hentry"],"yoast_head":"<!-- This site is optimized with the Yoast SEO plugin v27.5 - https:\/\/yoast.com\/product\/yoast-seo-wordpress\/ -->\n<title>Modalit\u00e0 di Pagamento - Yacht Club Quartu S. Elena<\/title>\n<meta name=\"robots\" content=\"index, follow, max-snippet:-1, max-image-preview:large, max-video-preview:-1\" \/>\n<link rel=\"canonical\" href=\"https:\/\/www.yachtclubquartu.it\/index.php\/modalita-di-pagamento\/\" \/>\n<meta property=\"og:locale\" content=\"it_IT\" \/>\n<meta property=\"og:type\" content=\"article\" \/>\n<meta property=\"og:title\" content=\"Modalit\u00e0 di Pagamento - Yacht Club Quartu S. Elena\" \/>\n<meta property=\"og:description\" content=\"Modalit\u00e0&nbsp;di pagamento Modalit\u00e0 di pagamento per il rinnovo della quota associativa, del servizio di rimessaggio e tesseramento FIV: ATTENZIONE!!! Dal mese di dicembre 2023 abbiamo un nuovo conto corrente presso BancoPosta. Il vecchio conto&#046;&#046;&#046;\" \/>\n<meta property=\"og:url\" content=\"https:\/\/www.yachtclubquartu.it\/index.php\/modalita-di-pagamento\/\" \/>\n<meta property=\"og:site_name\" content=\"Yacht Club Quartu S. Elena\" \/>\n<meta property=\"article:publisher\" content=\"https:\/\/www.facebook.com\/YachtClubQuartu\" \/>\n<meta property=\"article:modified_time\" content=\"2025-01-05T09:22:49+00:00\" \/>\n<meta property=\"og:image\" content=\"https:\/\/www.yachtclubquartu.it\/images\/ycq\/payment2.jpg\" \/>\n<meta name=\"twitter:card\" content=\"summary_large_image\" \/>\n<meta name=\"twitter:label1\" content=\"Tempo di lettura stimato\" \/>\n\t<meta name=\"twitter:data1\" content=\"1 minuto\" \/>\n<script type=\"application\/ld+json\" class=\"yoast-schema-graph\">{\"@context\":\"https:\\\/\\\/schema.org\",\"@graph\":[{\"@type\":\"WebPage\",\"@id\":\"https:\\\/\\\/www.yachtclubquartu.it\\\/index.php\\\/modalita-di-pagamento\\\/\",\"url\":\"https:\\\/\\\/www.yachtclubquartu.it\\\/index.php\\\/modalita-di-pagamento\\\/\",\"name\":\"Modalit\u00e0 di Pagamento - Yacht Club Quartu S. Elena\",\"isPartOf\":{\"@id\":\"https:\\\/\\\/www.yachtclubquartu.it\\\/#website\"},\"primaryImageOfPage\":{\"@id\":\"https:\\\/\\\/www.yachtclubquartu.it\\\/index.php\\\/modalita-di-pagamento\\\/#primaryimage\"},\"image\":{\"@id\":\"https:\\\/\\\/www.yachtclubquartu.it\\\/index.php\\\/modalita-di-pagamento\\\/#primaryimage\"},\"thumbnailUrl\":\"https:\\\/\\\/www.yachtclubquartu.it\\\/images\\\/ycq\\\/payment2.jpg\",\"datePublished\":\"2023-08-18T14:28:16+00:00\",\"dateModified\":\"2025-01-05T09:22:49+00:00\",\"breadcrumb\":{\"@id\":\"https:\\\/\\\/www.yachtclubquartu.it\\\/index.php\\\/modalita-di-pagamento\\\/#breadcrumb\"},\"inLanguage\":\"it-IT\",\"potentialAction\":[{\"@type\":\"ReadAction\",\"target\":[\"https:\\\/\\\/www.yachtclubquartu.it\\\/index.php\\\/modalita-di-pagamento\\\/\"]}]},{\"@type\":\"ImageObject\",\"inLanguage\":\"it-IT\",\"@id\":\"https:\\\/\\\/www.yachtclubquartu.it\\\/index.php\\\/modalita-di-pagamento\\\/#primaryimage\",\"url\":\"https:\\\/\\\/www.yachtclubquartu.it\\\/images\\\/ycq\\\/payment2.jpg\",\"contentUrl\":\"https:\\\/\\\/www.yachtclubquartu.it\\\/images\\\/ycq\\\/payment2.jpg\"},{\"@type\":\"BreadcrumbList\",\"@id\":\"https:\\\/\\\/www.yachtclubquartu.it\\\/index.php\\\/modalita-di-pagamento\\\/#breadcrumb\",\"itemListElement\":[{\"@type\":\"ListItem\",\"position\":1,\"name\":\"Home\",\"item\":\"https:\\\/\\\/www.yachtclubquartu.it\\\/\"},{\"@type\":\"ListItem\",\"position\":2,\"name\":\"Modalit\u00e0 di Pagamento\"}]},{\"@type\":\"WebSite\",\"@id\":\"https:\\\/\\\/www.yachtclubquartu.it\\\/#website\",\"url\":\"https:\\\/\\\/www.yachtclubquartu.it\\\/\",\"name\":\"Yacht Club Quartu S. Elena\",\"description\":\"Associazione sportiva dilettantistica - Affiliata Federazione Italiana Vela\",\"publisher\":{\"@id\":\"https:\\\/\\\/www.yachtclubquartu.it\\\/#organization\"},\"potentialAction\":[{\"@type\":\"SearchAction\",\"target\":{\"@type\":\"EntryPoint\",\"urlTemplate\":\"https:\\\/\\\/www.yachtclubquartu.it\\\/?s={search_term_string}\"},\"query-input\":{\"@type\":\"PropertyValueSpecification\",\"valueRequired\":true,\"valueName\":\"search_term_string\"}}],\"inLanguage\":\"it-IT\"},{\"@type\":\"Organization\",\"@id\":\"https:\\\/\\\/www.yachtclubquartu.it\\\/#organization\",\"name\":\"Yacht Club Quartu S. Elena\",\"url\":\"https:\\\/\\\/www.yachtclubquartu.it\\\/\",\"logo\":{\"@type\":\"ImageObject\",\"inLanguage\":\"it-IT\",\"@id\":\"https:\\\/\\\/www.yachtclubquartu.it\\\/#\\\/schema\\\/logo\\\/image\\\/\",\"url\":\"https:\\\/\\\/www.yachtclubquartu.it\\\/wp-content\\\/uploads\\\/2023\\\/08\\\/image001.png\",\"contentUrl\":\"https:\\\/\\\/www.yachtclubquartu.it\\\/wp-content\\\/uploads\\\/2023\\\/08\\\/image001.png\",\"width\":316,\"height\":57,\"caption\":\"Yacht Club Quartu S. Elena\"},\"image\":{\"@id\":\"https:\\\/\\\/www.yachtclubquartu.it\\\/#\\\/schema\\\/logo\\\/image\\\/\"},\"sameAs\":[\"https:\\\/\\\/www.facebook.com\\\/YachtClubQuartu\",\"https:\\\/\\\/www.instagram.com\\\/yachtclubquartuse\\\/\"]}]}<\/script>\n<!-- \/ Yoast SEO plugin. -->","yoast_head_json":{"title":"Modalit\u00e0 di Pagamento - Yacht Club Quartu S. Elena","robots":{"index":"index","follow":"follow","max-snippet":"max-snippet:-1","max-image-preview":"max-image-preview:large","max-video-preview":"max-video-preview:-1"},"canonical":"https:\/\/www.yachtclubquartu.it\/index.php\/modalita-di-pagamento\/","og_locale":"it_IT","og_type":"article","og_title":"Modalit\u00e0 di Pagamento - Yacht Club Quartu S. Elena","og_description":"Modalit\u00e0&nbsp;di pagamento Modalit\u00e0 di pagamento per il rinnovo della quota associativa, del servizio di rimessaggio e tesseramento FIV: ATTENZIONE!!! Dal mese di dicembre 2023 abbiamo un nuovo conto corrente presso BancoPosta. Il vecchio conto&#46;&#46;&#46;","og_url":"https:\/\/www.yachtclubquartu.it\/index.php\/modalita-di-pagamento\/","og_site_name":"Yacht Club Quartu S. Elena","article_publisher":"https:\/\/www.facebook.com\/YachtClubQuartu","article_modified_time":"2025-01-05T09:22:49+00:00","og_image":[{"url":"https:\/\/www.yachtclubquartu.it\/images\/ycq\/payment2.jpg","type":"","width":"","height":""}],"twitter_card":"summary_large_image","twitter_misc":{"Tempo di lettura stimato":"1 minuto"},"schema":{"@context":"https:\/\/schema.org","@graph":[{"@type":"WebPage","@id":"https:\/\/www.yachtclubquartu.it\/index.php\/modalita-di-pagamento\/","url":"https:\/\/www.yachtclubquartu.it\/index.php\/modalita-di-pagamento\/","name":"Modalit\u00e0 di Pagamento - Yacht Club Quartu S. Elena","isPartOf":{"@id":"https:\/\/www.yachtclubquartu.it\/#website"},"primaryImageOfPage":{"@id":"https:\/\/www.yachtclubquartu.it\/index.php\/modalita-di-pagamento\/#primaryimage"},"image":{"@id":"https:\/\/www.yachtclubquartu.it\/index.php\/modalita-di-pagamento\/#primaryimage"},"thumbnailUrl":"https:\/\/www.yachtclubquartu.it\/images\/ycq\/payment2.jpg","datePublished":"2023-08-18T14:28:16+00:00","dateModified":"2025-01-05T09:22:49+00:00","breadcrumb":{"@id":"https:\/\/www.yachtclubquartu.it\/index.php\/modalita-di-pagamento\/#breadcrumb"},"inLanguage":"it-IT","potentialAction":[{"@type":"ReadAction","target":["https:\/\/www.yachtclubquartu.it\/index.php\/modalita-di-pagamento\/"]}]},{"@type":"ImageObject","inLanguage":"it-IT","@id":"https:\/\/www.yachtclubquartu.it\/index.php\/modalita-di-pagamento\/#primaryimage","url":"https:\/\/www.yachtclubquartu.it\/images\/ycq\/payment2.jpg","contentUrl":"https:\/\/www.yachtclubquartu.it\/images\/ycq\/payment2.jpg"},{"@type":"BreadcrumbList","@id":"https:\/\/www.yachtclubquartu.it\/index.php\/modalita-di-pagamento\/#breadcrumb","itemListElement":[{"@type":"ListItem","position":1,"name":"Home","item":"https:\/\/www.yachtclubquartu.it\/"},{"@type":"ListItem","position":2,"name":"Modalit\u00e0 di Pagamento"}]},{"@type":"WebSite","@id":"https:\/\/www.yachtclubquartu.it\/#website","url":"https:\/\/www.yachtclubquartu.it\/","name":"Yacht Club Quartu S. Elena","description":"Associazione sportiva dilettantistica - Affiliata Federazione Italiana Vela","publisher":{"@id":"https:\/\/www.yachtclubquartu.it\/#organization"},"potentialAction":[{"@type":"SearchAction","target":{"@type":"EntryPoint","urlTemplate":"https:\/\/www.yachtclubquartu.it\/?s={search_term_string}"},"query-input":{"@type":"PropertyValueSpecification","valueRequired":true,"valueName":"search_term_string"}}],"inLanguage":"it-IT"},{"@type":"Organization","@id":"https:\/\/www.yachtclubquartu.it\/#organization","name":"Yacht Club Quartu S. Elena","url":"https:\/\/www.yachtclubquartu.it\/","logo":{"@type":"ImageObject","inLanguage":"it-IT","@id":"https:\/\/www.yachtclubquartu.it\/#\/schema\/logo\/image\/","url":"https:\/\/www.yachtclubquartu.it\/wp-content\/uploads\/2023\/08\/image001.png","contentUrl":"https:\/\/www.yachtclubquartu.it\/wp-content\/uploads\/2023\/08\/image001.png","width":316,"height":57,"caption":"Yacht Club Quartu S. Elena"},"image":{"@id":"https:\/\/www.yachtclubquartu.it\/#\/schema\/logo\/image\/"},"sameAs":["https:\/\/www.facebook.com\/YachtClubQuartu","https:\/\/www.instagram.com\/yachtclubquartuse\/"]}]}},"_links":{"self":[{"href":"https:\/\/www.yachtclubquartu.it\/index.php\/wp-json\/wp\/v2\/pages\/55","targetHints":{"allow":["GET"]}}],"collection":[{"href":"https:\/\/www.yachtclubquartu.it\/index.php\/wp-json\/wp\/v2\/pages"}],"about":[{"href":"https:\/\/www.yachtclubquartu.it\/index.php\/wp-json\/wp\/v2\/types\/page"}],"author":[{"embeddable":true,"href":"https:\/\/www.yachtclubquartu.it\/index.php\/wp-json\/wp\/v2\/users\/1"}],"replies":[{"embeddable":true,"href":"https:\/\/www.yachtclubquartu.it\/index.php\/wp-json\/wp\/v2\/comments?post=55"}],"version-history":[{"count":1,"href":"https:\/\/www.yachtclubquartu.it\/index.php\/wp-json\/wp\/v2\/pages\/55\/revisions"}],"predecessor-version":[{"id":470,"href":"https:\/\/www.yachtclubquartu.it\/index.php\/wp-json\/wp\/v2\/pages\/55\/revisions\/470"}],"wp:attachment":[{"href":"https:\/\/www.yachtclubquartu.it\/index.php\/wp-json\/wp\/v2\/media?parent=55"}],"curies":[{"name":"wp","href":"https:\/\/api.w.org\/{rel}","templated":true}]}}